{"id":1383,"date":"2015-07-29T13:44:44","date_gmt":"2015-07-29T13:44:44","guid":{"rendered":"https:\/\/blockart-charity.sites.qsandbox.com\/?page_id=4"},"modified":"2023-11-21T20:51:46","modified_gmt":"2023-11-21T20:51:46","slug":"home","status":"publish","type":"page","link":"https:\/\/kzdtriglav.com\/","title":{"rendered":"Home"},"content":{"rendered":"\n<div class=\"blockart-section blockart-section-e804b1c8\"><div class=\"blockart-overlay\"><\/div><div class=\"blockart-container\"><div class=\"blockart-section-inner blockart-height-fit-to-screen\">\n<div class=\"blockart-column blockart-column-598e6f60\"><div class=\"blockart-column-inner\">\n<h1 class=\"blockart-heading blockart-heading-0d0eb3ae\"><strong>Kulturno zgodovinsko dru\u0161tvo Triglav<\/strong><\/h1>\n\n\n\n\n\n<div class=\"blockart-buttons blockart-buttons-3d711dcb is-wrap is-horizontal justify-center\">\n<div class=\"blockart-button blockart-button-a0316d59 \"><a class=\"blockart-button-link is-custom is-style-filled\" href=\"#o-nas\">O NAS <span class=\"blockart-button-icon\"><svg width=\"24\" height=\"24\" xmlns=\"http:\/\/www.w3.org\/2000\/svg\" viewBox=\"0 0 24 24\" type=\"frontendIcon\" class=\"blockart-icon\" aria-hidden=\"true\"><path d=\"M20.5 6.2L12 14.7 3.5 6.2 2 7.8l10 10 9.9-10-1.4-1.6z\"><\/path><\/svg><\/span><\/a><\/div>\n<\/div>\n<\/div><\/div>\n<\/div><\/div><\/div>\n\n\n\n<div class=\"blockart-section blockart-section-73020bf8\"><div class=\"blockart-container\"><div class=\"blockart-section-inner\">\n<div class=\"blockart-column blockart-column-4e18c550\"><div class=\"blockart-column-inner\"><\/div><\/div>\n<\/div><\/div><\/div>\n\n\n\n<div id=\"o-nas\" class=\"blockart-section blockart-section-8309f693\"><div class=\"blockart-container\"><div class=\"blockart-section-inner\">\n<div class=\"blockart-column blockart-column-f7a5c411\"><div class=\"blockart-column-inner\">\n<h2 class=\"blockart-heading blockart-heading-c9a6e6fa\">KDO SMO MI?<\/h2>\n\n\n\n<p class=\"blockart-paragraph blockart-paragraph-2e22f143\">Kulturno zgodovinsko dru\u0161tvo Triglav je prostovoljna organizacija, ki zdru\u017euje vse tiste, ki jih zanima voja\u0161ka zgodovina in ki se \u017eelijo aktivno vklju\u010devati v ponazoritve razli\u010dnih zgodovinskih dogodkov in bitk. Dru\u0161tvo ravno tako sodeluje pri razli\u010dnih razstavah voja\u0161ke opreme, oro\u017eja in vozil. Pri vseh dogodkih posku\u0161amo prikazati profesionalni zgled, obna\u0161anje ter disciplino enot, ki jih ponazarjamo. Z pribli\u017eno 50 \u010dlani je to dru\u0161tvo edino svoje vrste v Sloveniji. Poleg organiziranja lastnih dogodkov ter ponazoritev, ki so se (ali pa bi se lahko) zgodili na podro\u010dju Slovenije oz. biv\u0161e Jugoslavije; se ravno tako udele\u017eujemo najrazli\u010dnej\u0161ih prireditev po Evropi. Dru\u0161tvo tudi neguje tradicijo nekaterih enot iz preteklosti, iz podro\u010dja Slovenije, predvsem iz \u010dasa prve in druge svetovne vojne.<\/p>\n\n\n\n<p>V dru\u0161tvu deluje osem glavnih Kulturno zgodovinsko dru\u0161tvo Triglav je bilo ustanovljeno leta 2007 kot prostovoljna organizacija, ki zdru\u017euje vse tiste, ki jih zanima voja\u0161ka zgodovina in ki se \u017eelijo aktivno vklju\u010devati v ponazoritve razli\u010dnih zgodovinskih dogodkov in bitk. Dru\u0161tvo ravno tako sodeluje pri razli\u010dnih razstavah voja\u0161ke opreme, oro\u017eja in vozil. Pri vseh dogodkih posku\u0161a dru\u0161tvo prikazati profesionalni zgled, obna\u0161anje ter disciplino enot, ki jih ponazarja.<\/p>\n\n\n\n<p>Z pribli\u017eno 50 \u010dlani je to dru\u0161tvo edino svoje vrste v Sloveniji. Dru\u0161tvo se ukvarja tudi organizirajo raznih zgodovinskih dogodkov ter ponazoritev, ki so se (ali pa bi se lahko) zgodili na podro\u010dju Slovenije oz. biv\u0161e Jugoslavije; ravno tako pa se skupine dru\u0161tva udele\u017eujejo najrazli\u010dnej\u0161ih prireditev v raznih dr\u017eavah po Evropi. Dru\u0161tvo tudi neguje tradicijo nekaterih enot iz preteklosti, iz podro\u010dja Slovenije, predvsem iz \u010dasa prve in druge svetovne vojne.<\/p>\n<\/div><\/div>\n\n\n\n<div class=\"blockart-column blockart-column-ee9a735b\"><div class=\"blockart-column-inner\">\n<figure class=\"blockart-image blockart-image-5510266f\"><img loading=\"lazy\" decoding=\"async\" class=\"wp-image-1576 hover-effect-static filter-none mask mask-none\" src=\"https:\/\/kzdtriglav.com\/wp-content\/uploads\/2023\/07\/bitka15.jpeg\" alt=\"\" height=\"1334\" width=\"2000\" srcset=\"https:\/\/kzdtriglav.com\/wp-content\/uploads\/2023\/07\/bitka15.jpeg 2000w, https:\/\/kzdtriglav.com\/wp-content\/uploads\/2023\/07\/bitka15-300x200.jpeg 300w, https:\/\/kzdtriglav.com\/wp-content\/uploads\/2023\/07\/bitka15-1024x683.jpeg 1024w, https:\/\/kzdtriglav.com\/wp-content\/uploads\/2023\/07\/bitka15-768x512.jpeg 768w, https:\/\/kzdtriglav.com\/wp-content\/uploads\/2023\/07\/bitka15-1536x1025.jpeg 1536w\" sizes=\"auto, (max-width: 2000px) 100vw, 2000px\" \/><\/figure>\n\n\n\n<figure class=\"blockart-image blockart-image-23d302a0\"><img loading=\"lazy\" decoding=\"async\" class=\"wp-image-1581 hover-effect-static filter-none mask mask-none\" src=\"https:\/\/kzdtriglav.com\/wp-content\/uploads\/2023\/07\/bitka19.jpeg\" alt=\"\" height=\"1365\" width=\"2048\" srcset=\"https:\/\/kzdtriglav.com\/wp-content\/uploads\/2023\/07\/bitka19.jpeg 2048w, https:\/\/kzdtriglav.com\/wp-content\/uploads\/2023\/07\/bitka19-300x200.jpeg 300w, https:\/\/kzdtriglav.com\/wp-content\/uploads\/2023\/07\/bitka19-1024x683.jpeg 1024w, https:\/\/kzdtriglav.com\/wp-content\/uploads\/2023\/07\/bitka19-768x512.jpeg 768w, https:\/\/kzdtriglav.com\/wp-content\/uploads\/2023\/07\/bitka19-1536x1024.jpeg 1536w\" sizes=\"auto, (max-width: 2048px) 100vw, 2048px\" \/><\/figure>\n<\/div><\/div>\n<\/div><\/div><\/div>\n\n\n\n<div id=\"skupine\" class=\"blockart-section blockart-section-e679fce9\"><div class=\"blockart-container\"><div class=\"blockart-section-inner\">\n<div class=\"blockart-column blockart-column-29182167\"><div class=\"blockart-column-inner\">\n<h2 class=\"blockart-heading blockart-heading-c4f7c33d\">NA\u0160E PONAZORITVENE SKUPINE<\/h2>\n<\/div><\/div>\n<\/div><\/div><\/div>\n\n\n\n<p class=\"has-text-align-center has-medium-font-size\" style=\"padding-top:0;padding-right:0;padding-bottom:var(--wp--preset--spacing--60);padding-left:0\">V dru\u0161tvu deluje \u0161est glavnih ponazoritvenih skupin:<\/p>\n\n\n\n<div class=\"blockart-section blockart-section-2c97a254\"><div class=\"blockart-container\"><div class=\"blockart-section-inner\">\n<div class=\"blockart-column blockart-column-b375c97a\"><div class=\"blockart-column-inner\">\n<div class=\"blockart-section blockart-section-121c0b5a\"><div class=\"blockart-container\"><div class=\"blockart-section-inner\">\n<div class=\"blockart-column blockart-column-c30defd5\"><div class=\"blockart-column-inner\">\n<h3 class=\"blockart-heading blockart-heading-359b187b\">&#8211; Partizanska \u010dete Triglav<\/h3>\n<\/div><\/div>\n\n\n\n<div class=\"blockart-column blockart-column-7c8294db\"><div class=\"blockart-column-inner\">\n<h2 class=\"blockart-heading blockart-heading-89cca4a5\">&#8211; Nem\u0161ki 31 pehotni polk<\/h2>\n\n\n\n<p class=\"blockart-paragraph blockart-paragraph-33efd4cf\">  <\/p>\n<\/div><\/div>\n\n\n\n<div class=\"blockart-column blockart-column-c2d651ca\"><div class=\"blockart-column-inner\">\n<h3 class=\"blockart-heading blockart-heading-d4168b83\">&#8211; Ameri\u0161ka 82 padalska divizija<\/h3>\n<\/div><\/div>\n<\/div><\/div><\/div>\n\n\n\n<div class=\"blockart-section blockart-section-5899f73f\"><div class=\"blockart-container\"><div class=\"blockart-section-inner\">\n<div class=\"blockart-column blockart-column-63ee27e8\"><div class=\"blockart-column-inner\">\n<h3 class=\"blockart-heading blockart-heading-6262be6c\">&#8211; Angle\u0161ki no. 2 komandosi<\/h3>\n\n\n\n<p class=\"blockart-paragraph blockart-paragraph-583ae4bc\">  <\/p>\n<\/div><\/div>\n\n\n\n<div class=\"blockart-column blockart-column-2215fe75\"><div class=\"blockart-column-inner\">\n<h3 class=\"blockart-heading blockart-heading-7196aeb6\">&#8211; Vojska kraljevine Jugoslavije<\/h3>\n<\/div><\/div>\n\n\n\n<div class=\"blockart-column blockart-column-20506310\"><div class=\"blockart-column-inner\">\n<h3 class=\"blockart-heading blockart-heading-a9c8c1f7\">&#8211; Avstroogrske enote Isonzo Armee Kommando<\/h3>\n<\/div><\/div>\n<\/div><\/div><\/div>\n\n\n\n<div class=\"blockart-section blockart-section-afa6fb8f\"><div class=\"blockart-container\"><div class=\"blockart-section-inner\">\n<div class=\"blockart-column blockart-column-cb783ac5\"><div class=\"blockart-column-inner\">\n<h3 class=\"blockart-heading blockart-heading-5e1b5a00\">&#8211; Itaijansko vojsko iz obdobja druge svetovne vojne<\/h3>\n\n\n\n<p class=\"blockart-paragraph blockart-paragraph-2a9df865\">  <\/p>\n<\/div><\/div>\n\n\n\n<div class=\"blockart-column blockart-column-43fd631e\"><div class=\"blockart-column-inner\">\n<h3 class=\"blockart-heading blockart-heading-880e8f31\"><\/h3>\n<\/div><\/div>\n\n\n\n<div class=\"blockart-column blockart-column-65112c3c\"><div class=\"blockart-column-inner\">\n<h3 class=\"blockart-heading blockart-heading-fd7797ef\">&#8211; Teritorialno obrambo Republike Slovenije<\/h3>\n<\/div><\/div>\n<\/div><\/div><\/div>\n<\/div><\/div>\n<\/div><\/div><\/div>\n\n\n\n<div id=\"galerija\" class=\"blockart-section blockart-section-8faf1abd\"><div class=\"blockart-container\"><div class=\"blockart-section-inner\">\n<div class=\"blockart-column blockart-column-69f807d2\"><div class=\"blockart-column-inner\"><\/div><\/div>\n<\/div><\/div><\/div>\n\n\n\n<div class=\"blockart-section blockart-section-6307b573\"><div class=\"blockart-container\"><div class=\"blockart-section-inner\">\n<div class=\"blockart-column blockart-column-d336c3a2\"><div class=\"blockart-column-inner\">\n<div class=\"blockart-section blockart-section-76ad75ba\"><div class=\"blockart-container\"><div class=\"blockart-section-inner\">\n<div class=\"blockart-column blockart-column-55ce17e9\"><div class=\"blockart-column-inner\">\n<figure class=\"wp-block-image size-large\"><img loading=\"lazy\" decoding=\"async\" width=\"1024\" height=\"683\" src=\"https:\/\/kzdtriglav.com\/wp-content\/uploads\/2023\/07\/bitka-1-1024x683.jpeg\" alt=\"\" class=\"wp-image-1519\" srcset=\"https:\/\/kzdtriglav.com\/wp-content\/uploads\/2023\/07\/bitka-1-1024x683.jpeg 1024w, https:\/\/kzdtriglav.com\/wp-content\/uploads\/2023\/07\/bitka-1-300x200.jpeg 300w, https:\/\/kzdtriglav.com\/wp-content\/uploads\/2023\/07\/bitka-1-768x512.jpeg 768w, https:\/\/kzdtriglav.com\/wp-content\/uploads\/2023\/07\/bitka-1-1536x1024.jpeg 1536w, https:\/\/kzdtriglav.com\/wp-content\/uploads\/2023\/07\/bitka-1.jpeg 1800w\" sizes=\"auto, (max-width: 1024px) 100vw, 1024px\" \/><\/figure>\n<\/div><\/div>\n\n\n\n<div class=\"blockart-column blockart-column-02632492\"><div class=\"blockart-column-inner\">\n<figure class=\"blockart-image blockart-image-bb07059f\"><img loading=\"lazy\" decoding=\"async\" class=\"wp-image-1514 hover-effect-static filter-none mask mask-none\" src=\"https:\/\/kzdtriglav.com\/wp-content\/uploads\/2023\/07\/bitka6.jpeg\" alt=\"\" height=\"640\" width=\"960\" srcset=\"https:\/\/kzdtriglav.com\/wp-content\/uploads\/2023\/07\/bitka6.jpeg 960w, https:\/\/kzdtriglav.com\/wp-content\/uploads\/2023\/07\/bitka6-300x200.jpeg 300w, https:\/\/kzdtriglav.com\/wp-content\/uploads\/2023\/07\/bitka6-768x512.jpeg 768w\" sizes=\"auto, (max-width: 960px) 100vw, 960px\" \/><\/figure>\n<\/div><\/div>\n<\/div><\/div><\/div>\n\n\n\n<div class=\"blockart-section blockart-section-ebf613b9\"><div class=\"blockart-container\"><div class=\"blockart-section-inner\">\n<div class=\"blockart-column blockart-column-347ea53e\"><div class=\"blockart-column-inner\">\n<figure class=\"wp-block-image size-large\"><img loading=\"lazy\" decoding=\"async\" width=\"1024\" height=\"678\" src=\"https:\/\/kzdtriglav.com\/wp-content\/uploads\/2023\/07\/bitka7-1024x678.jpeg\" alt=\"\" class=\"wp-image-1513\" srcset=\"https:\/\/kzdtriglav.com\/wp-content\/uploads\/2023\/07\/bitka7-1024x678.jpeg 1024w, https:\/\/kzdtriglav.com\/wp-content\/uploads\/2023\/07\/bitka7-300x199.jpeg 300w, https:\/\/kzdtriglav.com\/wp-content\/uploads\/2023\/07\/bitka7-768x509.jpeg 768w, https:\/\/kzdtriglav.com\/wp-content\/uploads\/2023\/07\/bitka7-1536x1018.jpeg 1536w, https:\/\/kzdtriglav.com\/wp-content\/uploads\/2023\/07\/bitka7.jpeg 1600w\" sizes=\"auto, (max-width: 1024px) 100vw, 1024px\" \/><\/figure>\n<\/div><\/div>\n\n\n\n<div class=\"blockart-column blockart-column-31664b86\"><div class=\"blockart-column-inner\">\n<figure class=\"wp-block-image size-large\"><img loading=\"lazy\" decoding=\"async\" width=\"683\" height=\"1024\" src=\"https:\/\/kzdtriglav.com\/wp-content\/uploads\/2023\/07\/bitka12-683x1024.jpeg\" alt=\"\" class=\"wp-image-1524\" srcset=\"https:\/\/kzdtriglav.com\/wp-content\/uploads\/2023\/07\/bitka12-683x1024.jpeg 683w, https:\/\/kzdtriglav.com\/wp-content\/uploads\/2023\/07\/bitka12-200x300.jpeg 200w, https:\/\/kzdtriglav.com\/wp-content\/uploads\/2023\/07\/bitka12-768x1152.jpeg 768w, https:\/\/kzdtriglav.com\/wp-content\/uploads\/2023\/07\/bitka12-1024x1536.jpeg 1024w, https:\/\/kzdtriglav.com\/wp-content\/uploads\/2023\/07\/bitka12.jpeg 1365w\" sizes=\"auto, (max-width: 683px) 100vw, 683px\" \/><\/figure>\n<\/div><\/div>\n<\/div><\/div><\/div>\n\n\n\n<div class=\"blockart-section blockart-section-65805fd5\"><div class=\"blockart-container\"><div class=\"blockart-section-inner\">\n<div class=\"blockart-column blockart-column-cead4779\"><div class=\"blockart-column-inner\">\n<figure class=\"wp-block-image size-large\"><img loading=\"lazy\" decoding=\"async\" width=\"683\" height=\"1024\" src=\"https:\/\/kzdtriglav.com\/wp-content\/uploads\/2023\/07\/bitka13-683x1024.jpeg\" alt=\"\" class=\"wp-image-1523\" srcset=\"https:\/\/kzdtriglav.com\/wp-content\/uploads\/2023\/07\/bitka13-683x1024.jpeg 683w, https:\/\/kzdtriglav.com\/wp-content\/uploads\/2023\/07\/bitka13-200x300.jpeg 200w, https:\/\/kzdtriglav.com\/wp-content\/uploads\/2023\/07\/bitka13-768x1152.jpeg 768w, https:\/\/kzdtriglav.com\/wp-content\/uploads\/2023\/07\/bitka13-1024x1536.jpeg 1024w, https:\/\/kzdtriglav.com\/wp-content\/uploads\/2023\/07\/bitka13.jpeg 1365w\" sizes=\"auto, (max-width: 683px) 100vw, 683px\" \/><\/figure>\n<\/div><\/div>\n\n\n\n<div class=\"blockart-column blockart-column-8f742f2f\"><div class=\"blockart-column-inner\">\n<figure class=\"wp-block-image size-large\"><img loading=\"lazy\" decoding=\"async\" width=\"1024\" height=\"683\" src=\"https:\/\/kzdtriglav.com\/wp-content\/uploads\/2023\/07\/bitka4-1024x683.jpeg\" alt=\"\" class=\"wp-image-1516\" srcset=\"https:\/\/kzdtriglav.com\/wp-content\/uploads\/2023\/07\/bitka4-1024x683.jpeg 1024w, https:\/\/kzdtriglav.com\/wp-content\/uploads\/2023\/07\/bitka4-300x200.jpeg 300w, https:\/\/kzdtriglav.com\/wp-content\/uploads\/2023\/07\/bitka4-768x512.jpeg 768w, https:\/\/kzdtriglav.com\/wp-content\/uploads\/2023\/07\/bitka4-1536x1024.jpeg 1536w, https:\/\/kzdtriglav.com\/wp-content\/uploads\/2023\/07\/bitka4.jpeg 2048w\" sizes=\"auto, (max-width: 1024px) 100vw, 1024px\" \/><\/figure>\n<\/div><\/div>\n<\/div><\/div><\/div>\n\n\n\n<div class=\"blockart-section blockart-section-70a6f8e5\"><div class=\"blockart-container\"><div class=\"blockart-section-inner\">\n<div class=\"blockart-column blockart-column-31a34be6\"><div class=\"blockart-column-inner\">\n<figure class=\"wp-block-image size-large\"><img loading=\"lazy\" decoding=\"async\" width=\"1024\" height=\"683\" src=\"https:\/\/kzdtriglav.com\/wp-content\/uploads\/2023\/07\/bitka3-1024x683.jpeg\" alt=\"\" class=\"wp-image-1517\" srcset=\"https:\/\/kzdtriglav.com\/wp-content\/uploads\/2023\/07\/bitka3-1024x683.jpeg 1024w, https:\/\/kzdtriglav.com\/wp-content\/uploads\/2023\/07\/bitka3-300x200.jpeg 300w, https:\/\/kzdtriglav.com\/wp-content\/uploads\/2023\/07\/bitka3-768x512.jpeg 768w, https:\/\/kzdtriglav.com\/wp-content\/uploads\/2023\/07\/bitka3-1536x1024.jpeg 1536w, https:\/\/kzdtriglav.com\/wp-content\/uploads\/2023\/07\/bitka3.jpeg 2048w\" sizes=\"auto, (max-width: 1024px) 100vw, 1024px\" \/><\/figure>\n<\/div><\/div>\n\n\n\n<div class=\"blockart-column blockart-column-c4d9320a\"><div class=\"blockart-column-inner\">\n<figure class=\"wp-block-image size-large\"><img loading=\"lazy\" decoding=\"async\" width=\"1024\" height=\"683\" src=\"https:\/\/kzdtriglav.com\/wp-content\/uploads\/2023\/07\/bitka8-1024x683.jpeg\" alt=\"\" class=\"wp-image-1512\" srcset=\"https:\/\/kzdtriglav.com\/wp-content\/uploads\/2023\/07\/bitka8-1024x683.jpeg 1024w, https:\/\/kzdtriglav.com\/wp-content\/uploads\/2023\/07\/bitka8-300x200.jpeg 300w, https:\/\/kzdtriglav.com\/wp-content\/uploads\/2023\/07\/bitka8-768x512.jpeg 768w, https:\/\/kzdtriglav.com\/wp-content\/uploads\/2023\/07\/bitka8.jpeg 1080w\" sizes=\"auto, (max-width: 1024px) 100vw, 1024px\" \/><\/figure>\n<\/div><\/div>\n<\/div><\/div><\/div>\n<\/div><\/div>\n<\/div><\/div><\/div>\n\n\n\n<div id=\"kontakt\" class=\"blockart-section blockart-section-7f0b9e84\"><div class=\"blockart-container\"><div class=\"blockart-section-inner\">\n<div class=\"blockart-column blockart-column-66d05ad2\"><div class=\"blockart-column-inner\">\n<figure class=\"blockart-image blockart-image-8afda084\"><img loading=\"lazy\" decoding=\"async\" class=\"wp-image-1494 hover-effect-static filter-none mask mask-none\" src=\"https:\/\/kzdtriglav.com\/wp-content\/uploads\/2023\/07\/icons8-location-50.png\" alt=\"\" height=\"50\" width=\"50\"\/><\/figure>\n\n\n\n<h3 class=\"blockart-heading blockart-heading-5ff99543\">Obi\u0161\u010dite nas<\/h3>\n\n\n\n<p class=\"blockart-paragraph blockart-paragraph-32c36aae\">Maistrova 18, 1241 Kamnik, Slovenija<\/p>\n<\/div><\/div>\n\n\n\n<div class=\"blockart-column blockart-column-3a5e409f\"><div class=\"blockart-column-inner\">\n<figure class=\"blockart-image blockart-image-5f1cde54\"><img loading=\"lazy\" decoding=\"async\" class=\"wp-image-1493 hover-effect-static filter-none mask mask-none\" src=\"https:\/\/kzdtriglav.com\/wp-content\/uploads\/2023\/07\/icons8-envelope-50.png\" alt=\"\" height=\"50\" width=\"50\"\/><\/figure>\n\n\n\n<h4 class=\"blockart-heading blockart-heading-aa76bba1\">Vstopite v stik z nami<\/h4>\n\n\n\n<p class=\"blockart-paragraph blockart-paragraph-072f1b45\"><a href=\"mailto:kzd.triglav@gmail.com\">kzd.triglav@gmail.com<\/a><\/p>\n\n\n\n<p class=\"blockart-paragraph blockart-paragraph-9af34e71\"> <\/p>\n<\/div><\/div>\n<\/div><\/div><\/div>\n","protected":false},"excerpt":{"rendered":"<p>V dru\u0161tvu deluje \u0161est glavnih ponazoritvenih skupin:<\/p>\n","protected":false},"author":1,"featured_media":0,"parent":0,"menu_order":0,"comment_status":"open","ping_status":"open","template":"page-templates\/pagebuilder.php","meta":{"footnotes":""},"class_list":["post-1383","page","type-page","status-publish","hentry"],"_links":{"self":[{"href":"https:\/\/kzdtriglav.com\/index.php\/wp-json\/wp\/v2\/pages\/1383","targetHints":{"allow":["GET"]}}],"collection":[{"href":"https:\/\/kzdtriglav.com\/index.php\/wp-json\/wp\/v2\/pages"}],"about":[{"href":"https:\/\/kzdtriglav.com\/index.php\/wp-json\/wp\/v2\/types\/page"}],"author":[{"embeddable":true,"href":"https:\/\/kzdtriglav.com\/index.php\/wp-json\/wp\/v2\/users\/1"}],"replies":[{"embeddable":true,"href":"https:\/\/kzdtriglav.com\/index.php\/wp-json\/wp\/v2\/comments?post=1383"}],"version-history":[{"count":70,"href":"https:\/\/kzdtriglav.com\/index.php\/wp-json\/wp\/v2\/pages\/1383\/revisions"}],"predecessor-version":[{"id":1645,"href":"https:\/\/kzdtriglav.com\/index.php\/wp-json\/wp\/v2\/pages\/1383\/revisions\/1645"}],"wp:attachment":[{"href":"https:\/\/kzdtriglav.com\/index.php\/wp-json\/wp\/v2\/media?parent=1383"}],"curies":[{"name":"wp","href":"https:\/\/api.w.org\/{rel}","templated":true}]}}